{"id":891,"date":"2016-07-01T20:37:55","date_gmt":"2016-07-01T18:37:55","guid":{"rendered":"https:\/\/dev.blamuka.at\/?page_id=891"},"modified":"2017-11-13T18:38:59","modified_gmt":"2017-11-13T17:38:59","slug":"ueber-uns","status":"publish","type":"page","link":"https:\/\/dev.blamuka.at\/?page_id=891","title":{"rendered":"Jugendblasmusik"},"content":{"rendered":"<p style=\"text-align: left;\">&nbsp;<\/p>\n<p style=\"text-align: left;\">Seit 1990 freut sich die Jugendblasmusik \u00fcber eine immer gr\u00f6\u00dfer werdende Anzahl an Mitgliedern. Damals wurden wir von Josef Fischer gegr\u00fcndet und wuchsen von anf\u00e4nglich sieben Musikern zum heutigen Klangk\u00f6rper von \u00fcber 50 Mitgliedern heran.<\/p>\n<p style=\"text-align: left;\">Die beiden musikalischen H\u00f6hepunkte im Jahr sind von unseren beiden Konzerten im Fr\u00fchjahr und im Herbst bestimmt. Arbeiten wir im Fr\u00fchjahr intensiv zum Auftritt am Wochenende rund um den Palmsonntag hin, so lassen wir uns f\u00fcr das Herbstkonzert immer ein besonderes Motto wie \u201eOscar-Night\u201c, \u201eWestern\u201c, \u201eCrime-Night\u201c usw. einfallen.<\/p>\n<p style=\"text-align: left;\">Zwischen den Konzerten bleibt nat\u00fcrlich noch genug Zeit f\u00fcr z\u00fcnftige Blasmusik bei der Umrahmung diverser Feste in unserer Gegend und selbstverst\u00e4ndlich stellen wir uns j\u00e4hrlich der Jury bei Konzertwertungen. Seit einigen Jahren \u00fcbrigens recht erfolgreich in der Stufe D.<\/p>\n<p style=\"text-align: left;\">Doch auch au\u00dfermusikalisch gibt es f\u00fcr uns immer wieder etwas zu tun und wir lassen uns das&nbsp;eine oder andere Event einfallen. Da kann es schon vorkommen, dass wir Veranstalter eines Band-Wettbewerbs sind, ein Seifenkisten-Rennen organisieren oder Sie uns beim Ausschank der Sonnwendfeier oder am Laurenzikirtag finden.<\/p>\n<p style=\"text-align: left;\">Die Jugendblasmusik ist ein vielseitiger und stetig wachsender Verein, dessen Hauptaugenmerk nat\u00fcrlich auf Blasmusik liegt. \u00dcbrigens ist es gar nicht so wichtig, dass sie noch \u201ejugendlich\u201c sind. Unserem Gr\u00fcndungsnamen sind wir noch immer treu geblieben, auch wenn die Kinder der ersten Probe dem jugendlichen Alter schon etwas entwachsen sind. Doch mehr als die H\u00e4lfte ist unter 30. Sollten Sie Interesse daran haben, uns zu h\u00f6ren, zu engagieren oder vielleicht sogar mit uns gemeinsam Musik zu machen, dann lassen Sie es uns doch einfach wissen!<\/p>\n<p style=\"text-align: left;\"><a href=\"\/?page_id=886\">Mitmachen<\/a><\/p>\n<p><a href=\"https:\/\/dev.blamuka.at\/wp-content\/uploads\/2016\/07\/010m-17-P8066261.jpg\"><img loading=\"lazy\" decoding=\"async\" class=\"alignnone size-large wp-image-1019\" src=\"https:\/\/dev.blamuka.at\/wp-content\/uploads\/2016\/07\/010m-17-P8066261-1620x1080.jpg\" alt=\"\" width=\"848\" height=\"565\" srcset=\"https:\/\/dev.blamuka.at\/wp-content\/uploads\/2016\/07\/010m-17-P8066261-1620x1080.jpg 1620w, https:\/\/dev.blamuka.at\/wp-content\/uploads\/2016\/07\/010m-17-P8066261-300x200.jpg 300w, https:\/\/dev.blamuka.at\/wp-content\/uploads\/2016\/07\/010m-17-P8066261-300x200@2x.jpg 600w\" sizes=\"auto, (max-width: 848px) 100vw, 848px\" \/><\/a><\/p>\n","protected":false},"excerpt":{"rendered":"<p>&nbsp; Seit 1990 freut sich die Jugendblasmusik \u00fcber eine immer gr\u00f6\u00dfer werdende Anzahl an Mitgliedern. Damals wurden wir von Josef Fischer gegr\u00fcndet und wuchsen von anf\u00e4nglich sieben Musikern zum heutigen [&hellip;]<\/p>\n","protected":false},"author":1,"featured_media":0,"parent":0,"menu_order":0,"comment_status":"closed","ping_status":"closed","template":"","meta":{"_monsterinsights_skip_tracking":false,"_monsterinsights_sitenote_active":false,"_monsterinsights_sitenote_note":"","_monsterinsights_sitenote_category":0,"ngg_post_thumbnail":0,"_EventAllDay":false,"_EventTimezone":"","_EventStartDate":"","_EventEndDate":"","_EventStartDateUTC":"","_EventEndDateUTC":"","_EventShowMap":false,"_EventShowMapLink":false,"_EventURL":"","_EventCost":"","_EventCostDescription":"","_EventCurrencySymbol":"","_EventCurrencyCode":"","_EventCurrencyPosition":"","_EventDateTimeSeparator":"","_EventTimeRangeSeparator":"","_EventOrganizerID":[],"_EventVenueID":[],"_OrganizerEmail":"","_OrganizerPhone":"","_OrganizerWebsite":"","_VenueAddress":"","_VenueCity":"","_VenueCountry":"","_VenueProvince":"","_VenueState":"","_VenueZip":"","_VenuePhone":"","_VenueURL":"","_VenueStateProvince":"","_VenueLat":"","_VenueLng":"","_VenueShowMap":false,"_VenueShowMapLink":false,"footnotes":""},"class_list":["post-891","page","type-page","status-publish","hentry"],"_links":{"self":[{"href":"https:\/\/dev.blamuka.at\/index.php?rest_route=\/wp\/v2\/pages\/891","targetHints":{"allow":["GET"]}}],"collection":[{"href":"https:\/\/dev.blamuka.at\/index.php?rest_route=\/wp\/v2\/pages"}],"about":[{"href":"https:\/\/dev.blamuka.at\/index.php?rest_route=\/wp\/v2\/types\/page"}],"author":[{"embeddable":true,"href":"https:\/\/dev.blamuka.at\/index.php?rest_route=\/wp\/v2\/users\/1"}],"replies":[{"embeddable":true,"href":"https:\/\/dev.blamuka.at\/index.php?rest_route=%2Fwp%2Fv2%2Fcomments&post=891"}],"version-history":[{"count":9,"href":"https:\/\/dev.blamuka.at\/index.php?rest_route=\/wp\/v2\/pages\/891\/revisions"}],"predecessor-version":[{"id":1166,"href":"https:\/\/dev.blamuka.at\/index.php?rest_route=\/wp\/v2\/pages\/891\/revisions\/1166"}],"wp:attachment":[{"href":"https:\/\/dev.blamuka.at\/index.php?rest_route=%2Fwp%2Fv2%2Fmedia&parent=891"}],"curies":[{"name":"wp","href":"https:\/\/api.w.org\/{rel}","templated":true}]}}