{"id":870,"date":"2015-09-29T09:46:54","date_gmt":"2015-09-29T07:46:54","guid":{"rendered":"https:\/\/dev.blamuka.at\/?page_id=870"},"modified":"2017-10-11T18:57:00","modified_gmt":"2017-10-11T16:57:00","slug":"unterstuetzendes-mitglied-werden","status":"publish","type":"page","link":"https:\/\/dev.blamuka.at\/?page_id=870","title":{"rendered":"Unterst\u00fctzendes Mitglied werden"},"content":{"rendered":"<p>Die Jugendblasmusik ist ein Verein von Freiwilligen. Wir haben \u00fcber 20 Auftritte und 60 Proben pro Jahr und dies alles unentgeltlich. Doch mit der Freude am Musizieren allein lassen sich die Aufwendungen f\u00fcr Instrumente, Uniformen, Noten usw. nicht finanzieren. Ohne die gro\u00dfartige Unterst\u00fctzung unserer F\u00f6rderer und Freunde k\u00f6nnte die Jugendblasmusik Katzelsdorf nicht existieren.<\/p>\n<p><strong>Wie k\u00f6nnen Sie Mitglied der Jugendblasmusik werden? <\/strong><\/p>\n<p>F\u00fcllen Sie die Beitrittserkl\u00e4rung gleich <a href=\"\/?page_id=1110\">hier<\/a>&nbsp;online aus.<\/p>\n<p><strong>Was kostet die Mitgliedschaft? <\/strong><\/p>\n<p>Der Jahresbeitrag betr\u00e4gt EUR 10,&#8211;. Sie erhalten Anfang des Jahres ein Schreiben mit einem Zahlschein.<\/p>\n<p><strong>Was geschieht mit Ihrem Geld? <\/strong><\/p>\n<p>Damit wir Sie bei unseren Konzerten immer wieder mit neuen musikalischen \u201eGustost\u00fcckerln\u201c verw\u00f6hnen und auch unseren Nachwuchs mit den notwendigen Instrumenten und Uniformen ausstatten k\u00f6nnen, haben wir im Jahr 2015 Noten um EUR 1.900,&#8211; und neue Instrumente um EUR 2.700,&#8211; erworben. Uniformen f\u00fcr unsere J\u00fcngsten kosteten rund EUR 2.000,&#8211;. Sie sehen also, dass der Betrieb eines Musikvereines sehr kostenintensiv ist und wir mit Ihrem Beitrag sehr gewissenhaft umgehen.<\/p>\n<p><strong>Was haben Sie von der Mitgliedschaft? <\/strong><\/p>\n<p>Laut Statuten haben Sie als unterst\u00fctzendes Mitglied ein Stimmrecht bei der j\u00e4hrlich stattfindenden Generalversammlung. Weiters erhalten Sie Anfang des Jahres ein Informationsblatt mit einem R\u00fcckblick \u00fcber das vergangene und einen Ausblick auf das laufende Jahr. Schlie\u00dflich lassen wir Sie mit einer netten Gl\u00fcckwunschkarte zum Geburtstag hoch leben.<\/p>\n<p><strong>Wir w\u00fcrden uns sehr freuen, wenn Sie uns unterst\u00fctzen!&nbsp;<\/strong><\/p>\n","protected":false},"excerpt":{"rendered":"<p>Die Jugendblasmusik ist ein Verein von Freiwilligen. Wir haben \u00fcber 20 Auftritte und 60 Proben pro Jahr und dies alles unentgeltlich. Doch mit der Freude am Musizieren allein lassen sich [&hellip;]<\/p>\n","protected":false},"author":1,"featured_media":0,"parent":0,"menu_order":0,"comment_status":"closed","ping_status":"closed","template":"","meta":{"_monsterinsights_skip_tracking":false,"_monsterinsights_sitenote_active":false,"_monsterinsights_sitenote_note":"","_monsterinsights_sitenote_category":0,"ngg_post_thumbnail":0,"_EventAllDay":false,"_EventTimezone":"","_EventStartDate":"","_EventEndDate":"","_EventStartDateUTC":"","_EventEndDateUTC":"","_EventShowMap":false,"_EventShowMapLink":false,"_EventURL":"","_EventCost":"","_EventCostDescription":"","_EventCurrencySymbol":"","_EventCurrencyCode":"","_EventCurrencyPosition":"","_EventDateTimeSeparator":"","_EventTimeRangeSeparator":"","_EventOrganizerID":[],"_EventVenueID":[],"_OrganizerEmail":"","_OrganizerPhone":"","_OrganizerWebsite":"","_VenueAddress":"","_VenueCity":"","_VenueCountry":"","_VenueProvince":"","_VenueState":"","_VenueZip":"","_VenuePhone":"","_VenueURL":"","_VenueStateProvince":"","_VenueLat":"","_VenueLng":"","_VenueShowMap":false,"_VenueShowMapLink":false,"footnotes":""},"class_list":["post-870","page","type-page","status-publish","hentry"],"_links":{"self":[{"href":"https:\/\/dev.blamuka.at\/index.php?rest_route=\/wp\/v2\/pages\/870","targetHints":{"allow":["GET"]}}],"collection":[{"href":"https:\/\/dev.blamuka.at\/index.php?rest_route=\/wp\/v2\/pages"}],"about":[{"href":"https:\/\/dev.blamuka.at\/index.php?rest_route=\/wp\/v2\/types\/page"}],"author":[{"embeddable":true,"href":"https:\/\/dev.blamuka.at\/index.php?rest_route=\/wp\/v2\/users\/1"}],"replies":[{"embeddable":true,"href":"https:\/\/dev.blamuka.at\/index.php?rest_route=%2Fwp%2Fv2%2Fcomments&post=870"}],"version-history":[{"count":7,"href":"https:\/\/dev.blamuka.at\/index.php?rest_route=\/wp\/v2\/pages\/870\/revisions"}],"predecessor-version":[{"id":1133,"href":"https:\/\/dev.blamuka.at\/index.php?rest_route=\/wp\/v2\/pages\/870\/revisions\/1133"}],"wp:attachment":[{"href":"https:\/\/dev.blamuka.at\/index.php?rest_route=%2Fwp%2Fv2%2Fmedia&parent=870"}],"curies":[{"name":"wp","href":"https:\/\/api.w.org\/{rel}","templated":true}]}}